{"id":2725,"date":"2024-09-11T07:44:31","date_gmt":"2024-09-11T07:44:31","guid":{"rendered":"https:\/\/trca.ch\/sponsoring-2\/"},"modified":"2025-11-04T13:07:32","modified_gmt":"2025-11-04T13:07:32","slug":"sponsoring-2","status":"publish","type":"page","link":"https:\/\/trca.ch\/fr\/sponsoring-2\/","title":{"rendered":"SPONSORING"},"content":{"rendered":"<p><div class=\"fusion-fullwidth fullwidth-box fusion-builder-row-1 fusion-flex-container has-pattern-background has-mask-background nonhundred-percent-fullwidth non-hundred-percent-height-scrolling\" style=\"--awb-border-radius-top-left:0px;--awb-border-radius-top-right:0px;--awb-border-radius-bottom-right:0px;--awb-border-radius-bottom-left:0px;--awb-flex-wrap:wrap;\" ><div class=\"fusion-builder-row fusion-row fusion-flex-align-items-flex-start fusion-flex-content-wrap\" style=\"max-width:calc( 1200px + );margin-left: calc(- \/ 2 );margin-right: calc(- \/ 2 );\"><div class=\"fusion-layout-column fusion_builder_column fusion-builder-column-0 fusion_builder_column_1_1 1_1 fusion-flex-column\" style=\"--awb-bg-size:cover;--awb-width-large:100%;--awb-margin-top-large:0px;--awb-margin-bottom-large:0px;--awb-width-medium:100%;--awb-order-medium:0;--awb-width-small:100%;--awb-order-small:0;\"><div class=\"fusion-column-wrapper fusion-column-has-shadow fusion-flex-justify-content-flex-start fusion-content-layout-column\"><div class=\"fusion-image-element fusion-no-small-visibility fusion-no-medium-visibility\" style=\"--awb-aspect-ratio:2 \/ 1;--awb-caption-title-font-family:var(--h2_typography-font-family);--awb-caption-title-font-weight:var(--h2_typography-font-weight);--awb-caption-title-font-style:var(--h2_typography-font-style);--awb-caption-title-size:var(--h2_typography-font-size);--awb-caption-title-transform:var(--h2_typography-text-transform);--awb-caption-title-line-height:var(--h2_typography-line-height);--awb-caption-title-letter-spacing:var(--h2_typography-letter-spacing);\"><span class=\" fusion-imageframe imageframe-none imageframe-1 hover-type-none has-aspect-ratio\"><a class=\"fusion-no-lightbox\" href=\"https:\/\/jenni-lueftungen.ch\/\" target=\"_self\" aria-label=\"JENNI-Lueftungen-bg-rgb\"><img decoding=\"async\" width=\"300\" height=\"139\" src=\"https:\/\/trca.ch\/wp-content\/uploads\/2025\/11\/JENNI-Lueftungen-bg-rgb-300x139.png\" class=\"img-responsive wp-image-2829 img-with-aspect-ratio\" alt srcset=\"https:\/\/trca.ch\/wp-content\/uploads\/2025\/11\/JENNI-Lueftungen-bg-rgb-200x93.png 200w, https:\/\/trca.ch\/wp-content\/uploads\/2025\/11\/JENNI-Lueftungen-bg-rgb-400x185.png 400w, https:\/\/trca.ch\/wp-content\/uploads\/2025\/11\/JENNI-Lueftungen-bg-rgb-600x278.png 600w, https:\/\/trca.ch\/wp-content\/uploads\/2025\/11\/JENNI-Lueftungen-bg-rgb-800x371.png 800w, https:\/\/trca.ch\/wp-content\/uploads\/2025\/11\/JENNI-Lueftungen-bg-rgb-1200x556.png 1200w, https:\/\/trca.ch\/wp-content\/uploads\/2025\/11\/JENNI-Lueftungen-bg-rgb.png 1530w\" sizes=\"(max-width: 640px) 100vw, 300px\" \/><\/a><\/span><\/div><\/div><\/div><\/div><\/div><div class=\"fusion-fullwidth fullwidth-box fusion-builder-row-2 fusion-flex-container nonhundred-percent-fullwidth non-hundred-percent-height-scrolling\" style=\"--awb-border-radius-top-left:0px;--awb-border-radius-top-right:0px;--awb-border-radius-bottom-right:0px;--awb-border-radius-bottom-left:0px;--awb-flex-wrap:wrap;\" ><div class=\"fusion-builder-row fusion-row fusion-flex-align-items-flex-start fusion-flex-content-wrap\" style=\"max-width:calc( 1200px + );margin-left: calc(- \/ 2 );margin-right: calc(- \/ 2 );\"><div class=\"fusion-layout-column fusion_builder_column fusion-builder-column-1 fusion_builder_column_1_1 1_1 fusion-flex-column\" style=\"--awb-bg-size:cover;--awb-width-large:100%;--awb-margin-top-large:0px;--awb-margin-bottom-large:0px;--awb-width-medium:100%;--awb-width-small:100%;\"><div class=\"fusion-column-wrapper fusion-flex-justify-content-flex-start fusion-content-layout-column\"><div class=\"fusion-text fusion-text-1\"><h4>La TRCA propose un programme de sponsoring compos\u00e9 de trois cat\u00e9gories de partenaires:<\/h4>\n<ol>\n<li>Partenaires Premium<\/li>\n<li>Partenaires de livraison<\/li>\n<li>Partenaires d&rsquo;\u00e9v\u00e9nements<\/li>\n<\/ol>\n<h4>Nos objectifs pour vous convaincre de devenir partenaire:<\/h4>\n<ul>\n<li>Promouvoir et renforcer le sport de la raquette en Suisse<\/li>\n<li>Maintenir les infrastructures des centres de sports de raquette<\/li>\n<li>Soutenir les exploitants de salles et de clubs en tant qu&rsquo;interlocuteur professionnel<\/li>\n<li>Accro\u00eetre la visibilit\u00e9 de notre association<\/li>\n<li>Offrir une plateforme publicitaire attrayante pour les entreprises<\/li>\n<\/ul>\n<h4>Raisons de sponsoriser votre entreprise:<\/h4>\n<ul>\n<li>Affiliation de l&rsquo;entreprise aux sports de raquette<\/li>\n<li>Augmentation de la notori\u00e9t\u00e9 de la marque<\/li>\n<li>Ouverture d&rsquo;opportunit\u00e9s commerciales \u00e0 l\u2019\u00e9chelle nationale<\/li>\n<li>Acquisition de nouveaux clients<\/li>\n<li>Cr\u00e9ation de sympathie et de confiance aupr\u00e8s de votre client\u00e8le<\/li>\n<\/ul>\n<\/div><\/div><\/div><div class=\"fusion-layout-column fusion_builder_column fusion-builder-column-2 fusion_builder_column_1_1 1_1 fusion-flex-column\" style=\"--awb-bg-size:cover;--awb-width-large:100%;--awb-margin-top-large:0px;--awb-margin-bottom-large:0px;--awb-width-medium:100%;--awb-width-small:100%;\"><div class=\"fusion-column-wrapper fusion-flex-justify-content-flex-start fusion-content-layout-column\"><div class=\"fusion-text fusion-text-2\"><h3>______________________________________________________________________________________<\/h3>\n<h3>PARTENAIRE PREMIUM<\/h3>\n<p><strong>Avantages pour vous :<\/strong><\/p>\n<ul>\n<li>Votre logo affich\u00e9 sur le site web du TRCA, dans la newsletter et sur les supports imprim\u00e9s.<\/li>\n<li>Deux contributions \u00e0 la newsletter par an, destin\u00e9es aux membres du TRCA et du Racketsportcenter CH.<\/li>\n<li>Envoi d&rsquo;une liste de tous les membres du TRCA et du Racketsportcenter CH.<\/li>\n<li>Pr\u00e9sence \u00e0 l&rsquo;assembl\u00e9e g\u00e9n\u00e9rale, selon accord.<\/li>\n<li>Exclusivit\u00e9 sur trois groupes de produits.<\/li>\n<li>Utilisation du logo du partenaire TRCA dans votre communication.<\/li>\n<\/ul>\n<p><strong>Votre contribution :<\/strong><\/p>\n<ul>\n<li>1&rsquo;500 CHF par an pour 2025 et 2026.<\/li>\n<li>2&rsquo;500 CHF par an \u00e0 partir de 2027.<\/li>\n<\/ul>\n<p><strong>Nos exigences de qualit\u00e9 :<\/strong><\/p>\n<ul>\n<li>\u00catre actif sur le march\u00e9 depuis au moins 3 ans.<\/li>\n<li>Avoir r\u00e9alis\u00e9 10 projets ou plus.<\/li>\n<li>Fournir au moins 3 recommandations de membres.<\/li>\n<\/ul>\n<p><strong>Pour vous inscrire en tant que partenaire Premium :<\/strong> t\u00e9l\u00e9chargez le formulaire <a href=\"https:\/\/trca.ch\/wp-content\/uploads\/2024\/09\/Registrierung-Premium-Partner.pdf\"><img decoding=\"async\" class=\"alignnone size-full wp-image-2178\" src=\"https:\/\/trca.ch\/wp-content\/uploads\/2022\/06\/adobe-pdf-icon-1.png\" alt=\"\" width=\"30\" height=\"30\" \/><\/a>, remplissez-le et envoyez-le \u00e0 <a rel=\"noopener\">info@trca.ch<\/a>.<\/p>\n<\/div><\/div><\/div><div class=\"fusion-layout-column fusion_builder_column fusion-builder-column-3 fusion_builder_column_1_1 1_1 fusion-flex-column\" style=\"--awb-bg-size:cover;--awb-width-large:100%;--awb-margin-top-large:0px;--awb-margin-bottom-large:0px;--awb-width-medium:100%;--awb-width-small:100%;\"><div class=\"fusion-column-wrapper fusion-flex-justify-content-flex-start fusion-content-layout-column\"><div class=\"fusion-text fusion-text-3\"><h3>______________________________________________________________________________________<\/h3>\n<h3>PARTENAIRE DE LIVRAISON<\/h3>\n<p><strong>Avantages pour vous :<\/strong><\/p>\n<ul>\n<li>Votre logo affich\u00e9 sur le site web du TRCA.<\/li>\n<li>Une contribution \u00e0 la newsletter par an, destin\u00e9e aux membres du TRCA et du Racketsportcenter CH.<\/li>\n<li>Envoi d&rsquo;une liste de tous les membres du TRCA.<\/li>\n<li>Utilisation du logo du partenaire TRCA dans votre communication.<\/li>\n<\/ul>\n<p><strong>Votre contribution :<\/strong><\/p>\n<ul>\n<li>700 CHF par an pour 2025 et 2026 (rabais pour les membres).<\/li>\n<li>1&rsquo;200 CHF par an \u00e0 partir de 2027.<\/li>\n<\/ul>\n<p><strong>Nos exigences de qualit\u00e9 :<\/strong><\/p>\n<ul>\n<li>Qualit\u00e9 contr\u00f4l\u00e9e par le TRCA.<\/li>\n<li>R\u00e9alisation d&rsquo;au moins 10 projets.<\/li>\n<li>Recommandation d&rsquo;au moins 3 membres.<\/li>\n<\/ul>\n<p>Pour vous inscrire en tant que Partenaire de Livraison : t\u00e9l\u00e9chargez le formulaire <a href=\"https:\/\/trca.ch\/wp-content\/uploads\/2024\/09\/Registrierung-Delivery-Partner.pdf\"><img decoding=\"async\" class=\"alignnone size-full wp-image-2178\" src=\"https:\/\/trca.ch\/wp-content\/uploads\/2022\/06\/adobe-pdf-icon-1.png\" alt=\"\" width=\"30\" height=\"30\" \/><\/a>, remplissez-le et envoyez-le \u00e0 <a rel=\"noopener\">info@trca.ch<\/a>.<\/p>\n<\/div><\/div><\/div><div class=\"fusion-layout-column fusion_builder_column fusion-builder-column-4 fusion_builder_column_1_1 1_1 fusion-flex-column\" style=\"--awb-bg-size:cover;--awb-width-large:100%;--awb-margin-top-large:0px;--awb-margin-bottom-large:0px;--awb-width-medium:100%;--awb-width-small:100%;\"><div class=\"fusion-column-wrapper fusion-flex-justify-content-flex-start fusion-content-layout-column\"><div class=\"fusion-text fusion-text-4\"><h3>_______________________________________________________________________________________<\/h3>\n<h3>PARTENAIRE D&rsquo;\u00c9V\u00c9NEMENT<\/h3>\n<p><strong>Sponsor d&rsquo;\u00e9v\u00e9nements :<\/strong> prestations et co\u00fbts \u00e0 d\u00e9finir selon le projet.<\/p>\n<p>Pour vous inscrire en tant que partenaire d&rsquo;\u00e9v\u00e9nement : t\u00e9l\u00e9chargez le formulaire <a href=\"https:\/\/trca.ch\/wp-content\/uploads\/2024\/09\/Registrierung-Event-Partner.pdf\"><img decoding=\"async\" class=\"alignnone size-full wp-image-2178\" src=\"https:\/\/trca.ch\/wp-content\/uploads\/2022\/06\/adobe-pdf-icon-1.png\" alt=\"\" width=\"30\" height=\"30\" \/><\/a>, remplissez-le et envoyez-le \u00e0 <a rel=\"noopener\">info@trca.ch<\/a>.<\/p>\n<\/div><\/div><\/div><\/div><\/div><\/p>\n","protected":false},"excerpt":{"rendered":"","protected":false},"author":2,"featured_media":2702,"parent":0,"menu_order":0,"comment_status":"closed","ping_status":"closed","template":"","meta":{"footnotes":""},"class_list":["post-2725","page","type-page","status-publish","has-post-thumbnail","hentry"],"_links":{"self":[{"href":"https:\/\/trca.ch\/fr\/wp-json\/wp\/v2\/pages\/2725","targetHints":{"allow":["GET"]}}],"collection":[{"href":"https:\/\/trca.ch\/fr\/wp-json\/wp\/v2\/pages"}],"about":[{"href":"https:\/\/trca.ch\/fr\/wp-json\/wp\/v2\/types\/page"}],"author":[{"embeddable":true,"href":"https:\/\/trca.ch\/fr\/wp-json\/wp\/v2\/users\/2"}],"replies":[{"embeddable":true,"href":"https:\/\/trca.ch\/fr\/wp-json\/wp\/v2\/comments?post=2725"}],"version-history":[{"count":5,"href":"https:\/\/trca.ch\/fr\/wp-json\/wp\/v2\/pages\/2725\/revisions"}],"predecessor-version":[{"id":2835,"href":"https:\/\/trca.ch\/fr\/wp-json\/wp\/v2\/pages\/2725\/revisions\/2835"}],"wp:featuredmedia":[{"embeddable":true,"href":"https:\/\/trca.ch\/fr\/wp-json\/wp\/v2\/media\/2702"}],"wp:attachment":[{"href":"https:\/\/trca.ch\/fr\/wp-json\/wp\/v2\/media?parent=2725"}],"curies":[{"name":"wp","href":"https:\/\/api.w.org\/{rel}","templated":true}]}}