{"id":2474,"date":"2022-09-27T18:31:12","date_gmt":"2022-09-27T18:31:12","guid":{"rendered":"https:\/\/trca.ch\/?page_id=2474"},"modified":"2022-09-27T18:36:36","modified_gmt":"2022-09-27T18:36:36","slug":"news","status":"publish","type":"page","link":"https:\/\/trca.ch\/fr\/news\/","title":{"rendered":"NEWS"},"content":{"rendered":"<div class=\"fusion-fullwidth fullwidth-box fusion-builder-row-1 fusion-flex-container nonhundred-percent-fullwidth non-hundred-percent-height-scrolling\" style=\"--awb-border-radius-top-left:0px;--awb-border-radius-top-right:0px;--awb-border-radius-bottom-right:0px;--awb-border-radius-bottom-left:0px;--awb-flex-wrap:wrap;\" ><div class=\"fusion-builder-row fusion-row fusion-flex-align-items-flex-start fusion-flex-content-wrap\" style=\"max-width:calc( 1200px + );margin-left: calc(- \/ 2 );margin-right: calc(- \/ 2 );\"><div class=\"fusion-layout-column fusion_builder_column fusion-builder-column-0 fusion_builder_column_1_1 1_1 fusion-flex-column\" style=\"--awb-bg-size:cover;--awb-width-large:100%;--awb-margin-top-large:0px;--awb-margin-bottom-large:0px;--awb-width-medium:100%;--awb-order-medium:0;--awb-width-small:100%;--awb-order-small:0;\"><div class=\"fusion-column-wrapper fusion-column-has-shadow fusion-flex-justify-content-flex-start fusion-content-layout-column\"><div class=\"fusion-blog-shortcode fusion-blog-shortcode-1 fusion-blog-archive fusion-blog-layout-medium-alternate fusion-blog-infinite\"><div class=\"fusion-posts-container fusion-posts-container-infinite fusion-blog-rollover\" data-pages=\"2\"><article id=\"blog-1-post-2764\" class=\"fusion-post-medium-alternate post-2764 post type-post status-publish format-standard has-post-thumbnail hentry category-non-classifiee\">\n<div class=\"fusion-date-and-formats\"><div class=\"fusion-date-box updated\"><span class=\"fusion-date\">8<\/span><span class=\"fusion-month-year\">04, 2025<\/span><\/div><div class=\"fusion-format-box\"><i class=\"awb-icon-pen\" aria-hidden=\"true\"><\/i><\/div><\/div>\t<style type=\"text\/css\">\n\t\t\n\t\t\n\t\t\n\t\t\n\t\t\t<\/style>\n\n\n\t\t\t<div class=\"fusion-flexslider flexslider fusion-flexslider-loading fusion-post-slideshow\" style=\"\">\n\t\t<ul class=\"slides\">\n\t\t\t\n\t\t\t\t\t\t\t\t\t\t\t\t\t\t<li><div  class=\"fusion-image-wrapper fusion-image-size-fixed\" aria-haspopup=\"true\">\n\t\t\t\t<img decoding=\"async\" width=\"320\" height=\"202\" src=\"https:\/\/trca.ch\/wp-content\/uploads\/2025\/04\/Padelta-320x202.jpg\" class=\"attachment-blog-medium size-blog-medium wp-post-image\" alt=\"\" srcset=\"https:\/\/trca.ch\/wp-content\/uploads\/2025\/04\/Padelta-320x202.jpg 320w, https:\/\/trca.ch\/wp-content\/uploads\/2025\/04\/Padelta-700x441.jpg 700w\" sizes=\"(max-width: 320px) 100vw, 320px\" \/><div class=\"fusion-rollover\">\n\t<div class=\"fusion-rollover-content\">\n\n\t\t\t\t\t\t\t\t\t\t\t\t\t\t<a class=\"fusion-rollover-link\" href=\"https:\/\/trca.ch\/fr\/atelier-en-ligne-sur-le-theme-developpement-du-padel-en-suisse\/\">Atelier en ligne sur le th\u00e8me \u00abD\u00e9veloppement du padel en Suisse\u00bb<\/a>\n\t\t\t\n\t\t\t\t\t\t\t\t\t\t\t\t\t\t\n\t\t\t\t\t\t\t\t\n\t\t\t\t\t\t\t\t\t\t\t\t\t<div class=\"fusion-rollover-sep\"><\/div>\n\t\t\t\t\n\t\t\t\t\t\t\t\t\t\t\t\t\t\t\t\t\t\t<a class=\"fusion-rollover-gallery\" href=\"https:\/\/trca.ch\/wp-content\/uploads\/2025\/04\/Padelta.jpg\" data-id=\"2764\" data-rel=\"iLightbox[gallery]\" data-title=\"Padelta\" data-caption=\"\">\n\t\t\t\t\t\tGallery\t\t\t\t\t<\/a>\n\t\t\t\t\t\t\t\t\t\t\t\t\t\t\n\t\t\n\t\t\t\t\t\t\t\t\t\t\t\t<h4 class=\"fusion-rollover-title\">\n\t\t\t\t\t<a class=\"fusion-rollover-title-link\" href=\"https:\/\/trca.ch\/fr\/atelier-en-ligne-sur-le-theme-developpement-du-padel-en-suisse\/\">\n\t\t\t\t\t\tAtelier en ligne sur le th\u00e8me \u00abD\u00e9veloppement du padel en Suisse\u00bb\t\t\t\t\t<\/a>\n\t\t\t\t<\/h4>\n\t\t\t\n\t\t\t\t\t\t\t\t\n\t\t\n\t\t\t\t\t\t<a class=\"fusion-link-wrapper\" href=\"https:\/\/trca.ch\/fr\/atelier-en-ligne-sur-le-theme-developpement-du-padel-en-suisse\/\" aria-label=\"Atelier en ligne sur le th\u00e8me \u00abD\u00e9veloppement du padel en Suisse\u00bb\"><\/a>\n\t<\/div>\n<\/div>\n<\/div>\n<\/li>\n\t\t\t\n\t\t\t\n\t\t\t\t\t\t\t\t\t\t\t\t\t\t\t\t\t\t\t\t\t\t\t\t\t\t\t\t\t\t\t\t\t\t\t\t\t\t\t\t\t\t\t\t\t\t\t\t\t\t\t\t\t\t\t\t\t\t\t\t\t\t\t\t\t\t\t\t<\/ul>\n\t<\/div>\n\t<div class=\"fusion-post-content post-content\"><h2 class=\"blog-shortcode-post-title entry-title\"><a href=\"https:\/\/trca.ch\/fr\/atelier-en-ligne-sur-le-theme-developpement-du-padel-en-suisse\/\">Atelier en ligne sur le th\u00e8me \u00abD\u00e9veloppement du padel en Suisse\u00bb<\/a><\/h2><div class=\"fusion-post-content-container\"><p> R\u00e9sum\u00e9 de l\u2019atelier du 18.03.2025 -\u00a0 PADELTA - La soci\u00e9t\u00e9 Padelta SA a \u00e9t\u00e9 fond\u00e9e il y a 4 ans, \u00e0 une \u00e9poque o\u00f9 la popularit\u00e9 [...]<\/p><\/div><\/div><div class=\"fusion-clearfix\"><\/div><div class=\"fusion-meta-info\"><div class=\"fusion-alignright\"><a class=\"fusion-read-more\" href=\"https:\/\/trca.ch\/fr\/atelier-en-ligne-sur-le-theme-developpement-du-padel-en-suisse\/\" aria-label=\"More on Atelier en ligne sur le th\u00e8me \u00abD\u00e9veloppement du padel en Suisse\u00bb\">Read More<\/a><\/div><\/div><\/article>\n<article id=\"blog-1-post-2751\" class=\"fusion-post-medium-alternate post-2751 post type-post status-publish format-standard has-post-thumbnail hentry category-non-classifiee\">\n<div class=\"fusion-date-and-formats\"><div class=\"fusion-date-box updated\"><span class=\"fusion-date\">5<\/span><span class=\"fusion-month-year\">02, 2025<\/span><\/div><div class=\"fusion-format-box\"><i class=\"awb-icon-pen\" aria-hidden=\"true\"><\/i><\/div><\/div>\t<style type=\"text\/css\">\n\t\t\n\t\t\n\t\t\n\t\t\n\t\t\t<\/style>\n\n\n\t\t\t<div class=\"fusion-flexslider flexslider fusion-flexslider-loading fusion-post-slideshow\" style=\"\">\n\t\t<ul class=\"slides\">\n\t\t\t\n\t\t\t\t\t\t\t\t\t\t\t\t\t\t<li><div  class=\"fusion-image-wrapper fusion-image-size-fixed\" aria-haspopup=\"true\">\n\t\t\t\t<img decoding=\"async\" width=\"320\" height=\"202\" src=\"https:\/\/trca.ch\/wp-content\/uploads\/2025\/02\/Ventilatoren-320x202.jpg\" class=\"attachment-blog-medium size-blog-medium wp-post-image\" alt=\"\" srcset=\"https:\/\/trca.ch\/wp-content\/uploads\/2025\/02\/Ventilatoren-320x202.jpg 320w, https:\/\/trca.ch\/wp-content\/uploads\/2025\/02\/Ventilatoren-700x441.jpg 700w\" sizes=\"(max-width: 320px) 100vw, 320px\" \/><div class=\"fusion-rollover\">\n\t<div class=\"fusion-rollover-content\">\n\n\t\t\t\t\n\t\t\n\t\t\t\t\t\t\t\t\t\t\t\t<h4 class=\"fusion-rollover-title\">\n\t\t\t\t\t<a class=\"fusion-rollover-title-link\" href=\"https:\/\/trca.ch\/fr\/plein-succes-1er-atelier-en-ligne\/\">\n\t\t\t\t\t\tPlein succ\u00e8s : 1er atelier en ligne\t\t\t\t\t<\/a>\n\t\t\t\t<\/h4>\n\t\t\t\n\t\t\t\t\t\t\t\t\n\t\t\n\t\t\t\t\t\t<a class=\"fusion-link-wrapper\" href=\"https:\/\/trca.ch\/fr\/plein-succes-1er-atelier-en-ligne\/\" aria-label=\"Plein succ\u00e8s : 1er atelier en ligne\"><\/a>\n\t<\/div>\n<\/div>\n<\/div>\n<\/li>\n\t\t\t\n\t\t\t\n\t\t\t\t\t\t\t\t\t\t\t\n\t\t\t\t\t\n\t\t\t\t\t\t\t\t\t\t\t<li>\n\t\t\t\t\t\t\t<div class=\"fusion-image-wrapper\">\n\t\t\t\t\t\t\t\t<a href=\"https:\/\/trca.ch\/fr\/plein-succes-1er-atelier-en-ligne\/\" aria-label=\"Plein succ\u00e8s : 1er atelier en ligne\">\n\t\t\t\t\t\t\t\t\t<img decoding=\"async\" width=\"320\" height=\"202\" src=\"https:\/\/trca.ch\/wp-content\/uploads\/2025\/02\/Ventilatoren-320x202.jpg\" alt=\"\" class=\"wp-image-2741\" role=\"presentation\" srcset=\"https:\/\/trca.ch\/wp-content\/uploads\/2025\/02\/Ventilatoren-320x202.jpg 320w, https:\/\/trca.ch\/wp-content\/uploads\/2025\/02\/Ventilatoren-700x441.jpg 700w\" sizes=\"(max-width: 320px) 100vw, 320px\" \/>\t\t\t\t\t\t\t\t<\/a>\n\t\t\t\t\t\t\t\t<a style=\"display:none;\" href=\"https:\/\/trca.ch\/wp-content\/uploads\/2025\/02\/Ventilatoren.jpg\" data-rel=\"iLightbox[gallery2751]\"  title=\"\" data-title=\"Ventilatoren\" data-caption=\"\">\n\t\t\t\t\t\t\t\t\t\t\t\t\t\t\t\t\t<\/a>\n\t\t\t\t\t\t\t<\/div>\n\t\t\t\t\t\t<\/li>\n\t\t\t\t\t\t\t\t\t\t\t\t\t\t\t\t\t\t\t\t\t\t\t\t\t\t\t\t\t\t\t\t\t\t\t\t\t\t\t\t\t\t\t\t\t\t\t\t\t\t\t\t\t\t\t\t\t\t\t\t\t\t\t\t\t\t<\/ul>\n\t<\/div>\n\t<div class=\"fusion-post-content post-content\"><h2 class=\"blog-shortcode-post-title entry-title\"><a href=\"https:\/\/trca.ch\/fr\/plein-succes-1er-atelier-en-ligne\/\">Plein succ\u00e8s : 1er atelier en ligne<\/a><\/h2><div class=\"fusion-post-content-container\"><p> Th\u00e8me : \u00ab \u00c9conomiser de l\u2019\u00e9nergie avec des ventilateurs dans les salles de tennis \u00bb R\u00e9sum\u00e9 : Michel Kratochvil, pr\u00e9sident de la TRCA, souhaite la bienvenue [...]<\/p><\/div><\/div><div class=\"fusion-clearfix\"><\/div><div class=\"fusion-meta-info\"><div class=\"fusion-alignright\"><a class=\"fusion-read-more\" href=\"https:\/\/trca.ch\/fr\/plein-succes-1er-atelier-en-ligne\/\" aria-label=\"More on Plein succ\u00e8s : 1er atelier en ligne\">Read More<\/a><\/div><\/div><\/article>\n<article id=\"blog-1-post-2721\" class=\"fusion-post-medium-alternate post-2721 post type-post status-publish format-standard has-post-thumbnail hentry category-non-classifiee\">\n<div class=\"fusion-date-and-formats\"><div class=\"fusion-date-box updated\"><span class=\"fusion-date\">24<\/span><span class=\"fusion-month-year\">09, 2024<\/span><\/div><div class=\"fusion-format-box\"><i class=\"awb-icon-pen\" aria-hidden=\"true\"><\/i><\/div><\/div>\t<style type=\"text\/css\">\n\t\t\n\t\t\n\t\t\n\t\t\n\t\t\t<\/style>\n\n\n\t\t\t<div class=\"fusion-flexslider flexslider fusion-flexslider-loading fusion-post-slideshow\" style=\"\">\n\t\t<ul class=\"slides\">\n\t\t\t\n\t\t\t\t\t\t\t\t\t\t\t\t\t\t<li><div  class=\"fusion-image-wrapper fusion-image-size-fixed\" aria-haspopup=\"true\">\n\t\t\t\t<img decoding=\"async\" width=\"320\" height=\"202\" src=\"https:\/\/trca.ch\/wp-content\/uploads\/2021\/07\/tennishaende-TRCA-320x202.jpg\" class=\"attachment-blog-medium size-blog-medium wp-post-image\" alt=\"\" srcset=\"https:\/\/trca.ch\/wp-content\/uploads\/2021\/07\/tennishaende-TRCA-320x202.jpg 320w, https:\/\/trca.ch\/wp-content\/uploads\/2021\/07\/tennishaende-TRCA-700x441.jpg 700w\" sizes=\"(max-width: 320px) 100vw, 320px\" \/><div class=\"fusion-rollover\">\n\t<div class=\"fusion-rollover-content\">\n\n\t\t\t\t\n\t\t\n\t\t\t\t\t\t\t\t\t\t\t\t<h4 class=\"fusion-rollover-title\">\n\t\t\t\t\t<a class=\"fusion-rollover-title-link\" href=\"https:\/\/trca.ch\/fr\/trca-mitglieder-profitieren-von-der-partnerschaft-zwischen-peik-und-swiss-olympic-klimafonds\/\">\n\t\t\t\t\t\tLes membres du TRCA profitent du partenariat entre le PEIK et le Fonds climatique de Swiss Olympic.\t\t\t\t\t<\/a>\n\t\t\t\t<\/h4>\n\t\t\t\n\t\t\t\t\t\t\t\t\n\t\t\n\t\t\t\t\t\t<a class=\"fusion-link-wrapper\" href=\"https:\/\/trca.ch\/fr\/trca-mitglieder-profitieren-von-der-partnerschaft-zwischen-peik-und-swiss-olympic-klimafonds\/\" aria-label=\"Les membres du TRCA profitent du partenariat entre le PEIK et le Fonds climatique de Swiss Olympic.\"><\/a>\n\t<\/div>\n<\/div>\n<\/div>\n<\/li>\n\t\t\t\n\t\t\t\n\t\t\t\t\t\t\t\t\t\t\t\t\t\t\t\t\t\t\t\t\t\t\t\t\t\t\t\t\t\t\t\t\t\t\t\t\t\t\t\t\t\t\t\t\t\t\t\t\t\t\t\t\t\t\t\t\t\t\t\t\t\t\t\t\t\t\t\t<\/ul>\n\t<\/div>\n\t<div class=\"fusion-post-content post-content\"><h2 class=\"blog-shortcode-post-title entry-title\"><a href=\"https:\/\/trca.ch\/fr\/trca-mitglieder-profitieren-von-der-partnerschaft-zwischen-peik-und-swiss-olympic-klimafonds\/\">Les membres du TRCA profitent du partenariat entre le PEIK et le Fonds climatique de Swiss Olympic.<\/a><\/h2><div class=\"fusion-post-content-container\"><p> Promotion par le Fonds climatique de Swiss Olympic Jusqu'au 27 octobre 2024, les 15 prochains membres du TRCA qui s'inscriront pour un conseil PEIK b\u00e9n\u00e9ficieront d'une [...]<\/p><\/div><\/div><div class=\"fusion-clearfix\"><\/div><div class=\"fusion-meta-info\"><div class=\"fusion-alignright\"><a class=\"fusion-read-more\" href=\"https:\/\/trca.ch\/fr\/trca-mitglieder-profitieren-von-der-partnerschaft-zwischen-peik-und-swiss-olympic-klimafonds\/\" aria-label=\"More on Les membres du TRCA profitent du partenariat entre le PEIK et le Fonds climatique de Swiss Olympic.\">Read More<\/a><\/div><\/div><\/article>\n<article id=\"blog-1-post-2577\" class=\"fusion-post-medium-alternate post-2577 post type-post status-publish format-standard has-post-thumbnail hentry category-non-classifiee\">\n<div class=\"fusion-date-and-formats\"><div class=\"fusion-date-box updated\"><span class=\"fusion-date\">12<\/span><span class=\"fusion-month-year\">07, 2023<\/span><\/div><div class=\"fusion-format-box\"><i class=\"awb-icon-pen\" aria-hidden=\"true\"><\/i><\/div><\/div>\t<style type=\"text\/css\">\n\t\t\n\t\t\n\t\t\n\t\t\n\t\t\t<\/style>\n\n\n\t\t\t<div class=\"fusion-flexslider flexslider fusion-flexslider-loading fusion-post-slideshow\" style=\"\">\n\t\t<ul class=\"slides\">\n\t\t\t\n\t\t\t\t\t\t\t\t\t\t\t\t\t\t<li><div  class=\"fusion-image-wrapper fusion-image-size-fixed\" aria-haspopup=\"true\">\n\t\t\t\t<img decoding=\"async\" width=\"320\" height=\"202\" src=\"https:\/\/trca.ch\/wp-content\/uploads\/2023\/07\/TRCA-Vorstand-und-Energieexperten-320x202.jpg\" class=\"attachment-blog-medium size-blog-medium wp-post-image\" alt=\"\" srcset=\"https:\/\/trca.ch\/wp-content\/uploads\/2023\/07\/TRCA-Vorstand-und-Energieexperten-320x202.jpg 320w, https:\/\/trca.ch\/wp-content\/uploads\/2023\/07\/TRCA-Vorstand-und-Energieexperten-700x441.jpg 700w\" sizes=\"(max-width: 320px) 100vw, 320px\" \/><div class=\"fusion-rollover\">\n\t<div class=\"fusion-rollover-content\">\n\n\t\t\t\t\t\t\t\t\t\t\t\t\t\t<a class=\"fusion-rollover-link\" href=\"https:\/\/trca.ch\/fr\/news-en-juillet-2023\/\">News en juillet 2023<\/a>\n\t\t\t\n\t\t\t\t\t\t\t\t\t\t\t\t\t\t\n\t\t\t\t\t\t\t\t\n\t\t\t\t\t\t\t\t\t\t\t\t\t<div class=\"fusion-rollover-sep\"><\/div>\n\t\t\t\t\n\t\t\t\t\t\t\t\t\t\t\t\t\t\t\t\t\t\t<a class=\"fusion-rollover-gallery\" href=\"https:\/\/trca.ch\/wp-content\/uploads\/2023\/07\/TRCA-Vorstand-und-Energieexperten.jpg\" data-id=\"2577\" data-rel=\"iLightbox[gallery]\" data-title=\"TRCA-Vorstand-und-Energieexperten\" data-caption=\"\">\n\t\t\t\t\t\tGallery\t\t\t\t\t<\/a>\n\t\t\t\t\t\t\t\t\t\t\t\t\t\t\n\t\t\n\t\t\t\t\t\t\t\t\t\t\t\t<h4 class=\"fusion-rollover-title\">\n\t\t\t\t\t<a class=\"fusion-rollover-title-link\" href=\"https:\/\/trca.ch\/fr\/news-en-juillet-2023\/\">\n\t\t\t\t\t\tNews en juillet 2023\t\t\t\t\t<\/a>\n\t\t\t\t<\/h4>\n\t\t\t\n\t\t\t\t\t\t\t\t\n\t\t\n\t\t\t\t\t\t<a class=\"fusion-link-wrapper\" href=\"https:\/\/trca.ch\/fr\/news-en-juillet-2023\/\" aria-label=\"News en juillet 2023\"><\/a>\n\t<\/div>\n<\/div>\n<\/div>\n<\/li>\n\t\t\t\n\t\t\t\n\t\t\t\t\t\t\t\t\t\t\t\t\t\t\t\t\t\t\t\t\t\t\t\t\t\t\t\t\t\t\t\t\t\t\t\t\t\t\t\t\t\t\t\t\t\t\t\t\t\t\t\t\t\t\t\t\t\t\t\t\t\t\t\t\t\t\t\t<\/ul>\n\t<\/div>\n\t<div class=\"fusion-post-content post-content\"><h2 class=\"blog-shortcode-post-title entry-title\"><a href=\"https:\/\/trca.ch\/fr\/news-en-juillet-2023\/\">News en juillet 2023<\/a><\/h2><div class=\"fusion-post-content-container\"><p> \u201e10 \u00e0 15% d\u2019\u00e9conomies d\u2019\u00e9nergie sont tout \u00e0 fait possibles\u201c La TRCA a \u00e9t\u00e9 fond\u00e9e pendant la p\u00e9riode difficile du COVID. Si, \u00e0 l\u2019\u00e9poque, elle se [...]<\/p><\/div><\/div><div class=\"fusion-clearfix\"><\/div><div class=\"fusion-meta-info\"><div class=\"fusion-alignright\"><a class=\"fusion-read-more\" href=\"https:\/\/trca.ch\/fr\/news-en-juillet-2023\/\" aria-label=\"More on News en juillet 2023\">Read More<\/a><\/div><\/div><\/article>\n<article id=\"blog-1-post-2469\" class=\"fusion-post-medium-alternate post-2469 post type-post status-publish format-standard has-post-thumbnail hentry category-non-classifiee\">\n<div class=\"fusion-date-and-formats\"><div class=\"fusion-date-box updated\"><span class=\"fusion-date\">21<\/span><span class=\"fusion-month-year\">06, 2022<\/span><\/div><div class=\"fusion-format-box\"><i class=\"awb-icon-pen\" aria-hidden=\"true\"><\/i><\/div><\/div>\t<style type=\"text\/css\">\n\t\t\n\t\t\n\t\t\n\t\t\n\t\t\t<\/style>\n\n\n\t\t\t<div class=\"fusion-flexslider flexslider fusion-flexslider-loading fusion-post-slideshow\" style=\"\">\n\t\t<ul class=\"slides\">\n\t\t\t\n\t\t\t\t\t\t\t\t\t\t\t\t\t\t<li><div  class=\"fusion-image-wrapper fusion-image-size-fixed\" aria-haspopup=\"true\">\n\t\t\t\t<img decoding=\"async\" width=\"320\" height=\"202\" src=\"https:\/\/trca.ch\/wp-content\/uploads\/2022\/06\/TRCA-Hauptversammlung-320x202.jpg\" class=\"attachment-blog-medium size-blog-medium wp-post-image\" alt=\"\" srcset=\"https:\/\/trca.ch\/wp-content\/uploads\/2022\/06\/TRCA-Hauptversammlung-320x202.jpg 320w, https:\/\/trca.ch\/wp-content\/uploads\/2022\/06\/TRCA-Hauptversammlung-700x441.jpg 700w\" sizes=\"(max-width: 320px) 100vw, 320px\" \/><div class=\"fusion-rollover\">\n\t<div class=\"fusion-rollover-content\">\n\n\t\t\t\t\t\t\t\t\t\t\t\t\t\t<a class=\"fusion-rollover-link\" href=\"https:\/\/trca.ch\/fr\/trca-assemblee-generale-2022\/\">TRCA Assembl\u00e9e g\u00e9n\u00e9rale 2022<\/a>\n\t\t\t\n\t\t\t\t\t\t\t\t\t\t\t\t\t\t\n\t\t\t\t\t\t\t\t\n\t\t\t\t\t\t\t\t\t\t\t\t\t<div class=\"fusion-rollover-sep\"><\/div>\n\t\t\t\t\n\t\t\t\t\t\t\t\t\t\t\t\t\t\t\t\t\t\t<a class=\"fusion-rollover-gallery\" href=\"https:\/\/trca.ch\/wp-content\/uploads\/2022\/06\/TRCA-Hauptversammlung.jpg\" data-id=\"2469\" data-rel=\"iLightbox[gallery]\" data-title=\"TRCA-Hauptversammlung\" data-caption=\"\">\n\t\t\t\t\t\tGallery\t\t\t\t\t<\/a>\n\t\t\t\t\t\t\t\t\t\t\t\t\t\t\n\t\t\n\t\t\t\t\t\t\t\t\t\t\t\t<h4 class=\"fusion-rollover-title\">\n\t\t\t\t\t<a class=\"fusion-rollover-title-link\" href=\"https:\/\/trca.ch\/fr\/trca-assemblee-generale-2022\/\">\n\t\t\t\t\t\tTRCA Assembl\u00e9e g\u00e9n\u00e9rale 2022\t\t\t\t\t<\/a>\n\t\t\t\t<\/h4>\n\t\t\t\n\t\t\t\t\t\t\t\t\n\t\t\n\t\t\t\t\t\t<a class=\"fusion-link-wrapper\" href=\"https:\/\/trca.ch\/fr\/trca-assemblee-generale-2022\/\" aria-label=\"TRCA Assembl\u00e9e g\u00e9n\u00e9rale 2022\"><\/a>\n\t<\/div>\n<\/div>\n<\/div>\n<\/li>\n\t\t\t\n\t\t\t\n\t\t\t\t\t\t\t\t\t\t\t\t\t\t\t\t\t\t\t\t\t\t\t\t\t\t\t\t\t\t\t\t\t\t\t\t\t\t\t\t\t\t\t\t\t\t\t\t\t\t\t\t\t\t\t\t\t\t\t\t\t\t\t\t\t\t\t\t<\/ul>\n\t<\/div>\n\t<div class=\"fusion-post-content post-content\"><h2 class=\"blog-shortcode-post-title entry-title\"><a href=\"https:\/\/trca.ch\/fr\/trca-assemblee-generale-2022\/\">TRCA Assembl\u00e9e g\u00e9n\u00e9rale 2022<\/a><\/h2><div class=\"fusion-post-content-container\"><p> La premi\u00e8re assembl\u00e9e g\u00e9n\u00e9rale ordinaire de notre association a eu lieu le 21 juin \u00e0 la Maison du Sport de Swiss Olympic. L'AG s'est d\u00e9roul\u00e9e de [...]<\/p><\/div><\/div><div class=\"fusion-clearfix\"><\/div><div class=\"fusion-meta-info\"><div class=\"fusion-alignright\"><a class=\"fusion-read-more\" href=\"https:\/\/trca.ch\/fr\/trca-assemblee-generale-2022\/\" aria-label=\"More on TRCA Assembl\u00e9e g\u00e9n\u00e9rale 2022\">Read More<\/a><\/div><\/div><\/article>\n<article id=\"blog-1-post-2462\" class=\"fusion-post-medium-alternate post-2462 post type-post status-publish format-standard has-post-thumbnail hentry category-non-classifiee\">\n<div class=\"fusion-date-and-formats\"><div class=\"fusion-date-box updated\"><span class=\"fusion-date\">24<\/span><span class=\"fusion-month-year\">05, 2022<\/span><\/div><div class=\"fusion-format-box\"><i class=\"awb-icon-pen\" aria-hidden=\"true\"><\/i><\/div><\/div>\t<style type=\"text\/css\">\n\t\t\n\t\t\n\t\t\n\t\t\n\t\t\t<\/style>\n\n\n\t\t\t<div class=\"fusion-flexslider flexslider fusion-flexslider-loading fusion-post-slideshow\" style=\"\">\n\t\t<ul class=\"slides\">\n\t\t\t\n\t\t\t\t\t\t\t\t\t\t\t\t\t\t<li><div  class=\"fusion-image-wrapper fusion-image-size-fixed\" aria-haspopup=\"true\">\n\t\t\t\t<img decoding=\"async\" width=\"320\" height=\"202\" src=\"https:\/\/trca.ch\/wp-content\/uploads\/2022\/05\/Konzept-TRCA-320x202.jpg\" class=\"attachment-blog-medium size-blog-medium wp-post-image\" alt=\"\" srcset=\"https:\/\/trca.ch\/wp-content\/uploads\/2022\/05\/Konzept-TRCA-320x202.jpg 320w, https:\/\/trca.ch\/wp-content\/uploads\/2022\/05\/Konzept-TRCA-700x441.jpg 700w\" sizes=\"(max-width: 320px) 100vw, 320px\" \/><div class=\"fusion-rollover\">\n\t<div class=\"fusion-rollover-content\">\n\n\t\t\t\t\t\t\t\t\t\t\t\t\t\t<a class=\"fusion-rollover-link\" href=\"https:\/\/trca.ch\/fr\/concept-de-la-tennis-racketsport-center-association\/\">Concept de la tennis &#038; racketsport center association<\/a>\n\t\t\t\n\t\t\t\t\t\t\t\t\t\t\t\t\t\t\n\t\t\t\t\t\t\t\t\n\t\t\t\t\t\t\t\t\t\t\t\t\t<div class=\"fusion-rollover-sep\"><\/div>\n\t\t\t\t\n\t\t\t\t\t\t\t\t\t\t\t\t\t\t\t\t\t\t<a class=\"fusion-rollover-gallery\" href=\"https:\/\/trca.ch\/wp-content\/uploads\/2022\/05\/Konzept-TRCA.jpg\" data-id=\"2462\" data-rel=\"iLightbox[gallery]\" data-title=\"Konzept-TRCA\" data-caption=\"\">\n\t\t\t\t\t\tGallery\t\t\t\t\t<\/a>\n\t\t\t\t\t\t\t\t\t\t\t\t\t\t\n\t\t\n\t\t\t\t\t\t\t\t\t\t\t\t<h4 class=\"fusion-rollover-title\">\n\t\t\t\t\t<a class=\"fusion-rollover-title-link\" href=\"https:\/\/trca.ch\/fr\/concept-de-la-tennis-racketsport-center-association\/\">\n\t\t\t\t\t\tConcept de la tennis &#038; racketsport center association\t\t\t\t\t<\/a>\n\t\t\t\t<\/h4>\n\t\t\t\n\t\t\t\t\t\t\t\t\n\t\t\n\t\t\t\t\t\t<a class=\"fusion-link-wrapper\" href=\"https:\/\/trca.ch\/fr\/concept-de-la-tennis-racketsport-center-association\/\" aria-label=\"Concept de la tennis &#038; racketsport center association\"><\/a>\n\t<\/div>\n<\/div>\n<\/div>\n<\/li>\n\t\t\t\n\t\t\t\n\t\t\t\t\t\t\t\t\t\t\t\t\t\t\t\t\t\t\t\t\t\t\t\t\t\t\t\t\t\t\t\t\t\t\t\t\t\t\t\t\t\t\t\t\t\t\t\t\t\t\t\t\t\t\t\t\t\t\t\t\t\t\t\t\t\t\t\t<\/ul>\n\t<\/div>\n\t<div class=\"fusion-post-content post-content\"><h2 class=\"blog-shortcode-post-title entry-title\"><a href=\"https:\/\/trca.ch\/fr\/concept-de-la-tennis-racketsport-center-association\/\">Concept de la tennis &#038; racketsport center association<\/a><\/h2><div class=\"fusion-post-content-container\"><p> M\u00eame apr\u00e8s Corona, la TRCA reste active ! Le concept de l'association montre dans quels domaines la TRCA peut soutenir les centres. Concept TRCA (en allemand) [...]<\/p><\/div><\/div><div class=\"fusion-clearfix\"><\/div><div class=\"fusion-meta-info\"><div class=\"fusion-alignright\"><a class=\"fusion-read-more\" href=\"https:\/\/trca.ch\/fr\/concept-de-la-tennis-racketsport-center-association\/\" aria-label=\"More on Concept de la tennis &#038; racketsport center association\">Read More<\/a><\/div><\/div><\/article>\n<article id=\"blog-1-post-2453\" class=\"fusion-post-medium-alternate post-2453 post type-post status-publish format-standard has-post-thumbnail hentry category-non-classifiee\">\n<div class=\"fusion-date-and-formats\"><div class=\"fusion-date-box updated\"><span class=\"fusion-date\">13<\/span><span class=\"fusion-month-year\">09, 2021<\/span><\/div><div class=\"fusion-format-box\"><i class=\"awb-icon-pen\" aria-hidden=\"true\"><\/i><\/div><\/div>\t<style type=\"text\/css\">\n\t\t\n\t\t\n\t\t\n\t\t\n\t\t\t<\/style>\n\n\n\t\t\t<div class=\"fusion-flexslider flexslider fusion-flexslider-loading fusion-post-slideshow\" style=\"\">\n\t\t<ul class=\"slides\">\n\t\t\t\n\t\t\t\t\t\t\t\t\t\t\t\t\t\t<li><div  class=\"fusion-image-wrapper fusion-image-size-fixed\" aria-haspopup=\"true\">\n\t\t\t\t<img decoding=\"async\" width=\"320\" height=\"202\" src=\"https:\/\/trca.ch\/wp-content\/uploads\/2021\/09\/E1075BF6-6457-4F89-BC27-4FC60F212156-320x202.jpeg\" class=\"attachment-blog-medium size-blog-medium wp-post-image\" alt=\"\" srcset=\"https:\/\/trca.ch\/wp-content\/uploads\/2021\/09\/E1075BF6-6457-4F89-BC27-4FC60F212156-320x202.jpeg 320w, https:\/\/trca.ch\/wp-content\/uploads\/2021\/09\/E1075BF6-6457-4F89-BC27-4FC60F212156-700x441.jpeg 700w\" sizes=\"(max-width: 320px) 100vw, 320px\" \/><div class=\"fusion-rollover\">\n\t<div class=\"fusion-rollover-content\">\n\n\t\t\t\t\n\t\t\n\t\t\t\t\t\t\t\t\t\t\t\t<h4 class=\"fusion-rollover-title\">\n\t\t\t\t\t<a class=\"fusion-rollover-title-link\" href=\"https:\/\/trca.ch\/fr\/nouvelle-obligation-de-certificat\/\">\n\t\t\t\t\t\tNouvelle obligation de certificat\t\t\t\t\t<\/a>\n\t\t\t\t<\/h4>\n\t\t\t\n\t\t\t\t\t\t\t\t\n\t\t\n\t\t\t\t\t\t<a class=\"fusion-link-wrapper\" href=\"https:\/\/trca.ch\/fr\/nouvelle-obligation-de-certificat\/\" aria-label=\"Nouvelle obligation de certificat\"><\/a>\n\t<\/div>\n<\/div>\n<\/div>\n<\/li>\n\t\t\t\n\t\t\t\n\t\t\t\t\t\t\t\t\t\t\t\t\t\t\t\t\t\t\t\t\t\t\t\t\t\t\t\t\t\t\t\t\t\t\t\t\t\t\t\t\t\t\t\t\t\t\t\t\t\t\t\t\t\t\t\t\t\t\t\t\t\t\t\t\t\t\t\t<\/ul>\n\t<\/div>\n\t<div class=\"fusion-post-content post-content\"><h2 class=\"blog-shortcode-post-title entry-title\"><a href=\"https:\/\/trca.ch\/fr\/nouvelle-obligation-de-certificat\/\">Nouvelle obligation de certificat<\/a><\/h2><div class=\"fusion-post-content-container\"><p><\/p><p>     Chers membres*, ch\u00e8res membres Ces derniers jours, des discussions intensives ont eu lieu entre Swiss Tennis, Swiss Olympic et l\u2019OFSPO. Les questions [...]<\/p><\/div><\/div><div class=\"fusion-clearfix\"><\/div><div class=\"fusion-meta-info\"><div class=\"fusion-alignright\"><a class=\"fusion-read-more\" href=\"https:\/\/trca.ch\/fr\/nouvelle-obligation-de-certificat\/\" aria-label=\"More on Nouvelle obligation de certificat\">Read More<\/a><\/div><\/div><\/article>\n<\/div><div class=\"fusion-infinite-scroll-trigger\"><\/div><div class=\"pagination infinite-scroll clearfix\" style=\"display:none;\"><span class=\"current\">1<\/span><a href=\"https:\/\/trca.ch\/fr\/wp-json\/wp\/v2\/pages\/2474\/page\/2\/\" class=\"inactive\">2<\/a><a class=\"pagination-next\" rel=\"next\" href=\"https:\/\/trca.ch\/fr\/wp-json\/wp\/v2\/pages\/2474\/page\/2\/\"><span class=\"page-text\">Next<\/span><span class=\"page-next\"><\/span><\/a><\/div><div class=\"fusion-clearfix\"><\/div><\/div><\/div><\/div><\/div><\/div>\n","protected":false},"excerpt":{"rendered":"","protected":false},"author":1,"featured_media":0,"parent":0,"menu_order":0,"comment_status":"closed","ping_status":"closed","template":"","meta":{"footnotes":""},"class_list":["post-2474","page","type-page","status-publish","hentry"],"_links":{"self":[{"href":"https:\/\/trca.ch\/fr\/wp-json\/wp\/v2\/pages\/2474","targetHints":{"allow":["GET"]}}],"collection":[{"href":"https:\/\/trca.ch\/fr\/wp-json\/wp\/v2\/pages"}],"about":[{"href":"https:\/\/trca.ch\/fr\/wp-json\/wp\/v2\/types\/page"}],"author":[{"embeddable":true,"href":"https:\/\/trca.ch\/fr\/wp-json\/wp\/v2\/users\/1"}],"replies":[{"embeddable":true,"href":"https:\/\/trca.ch\/fr\/wp-json\/wp\/v2\/comments?post=2474"}],"version-history":[{"count":2,"href":"https:\/\/trca.ch\/fr\/wp-json\/wp\/v2\/pages\/2474\/revisions"}],"predecessor-version":[{"id":2476,"href":"https:\/\/trca.ch\/fr\/wp-json\/wp\/v2\/pages\/2474\/revisions\/2476"}],"wp:attachment":[{"href":"https:\/\/trca.ch\/fr\/wp-json\/wp\/v2\/media?parent=2474"}],"curies":[{"name":"wp","href":"https:\/\/api.w.org\/{rel}","templated":true}]}}