{"id":2414,"date":"2022-09-27T14:30:55","date_gmt":"2022-09-27T14:30:55","guid":{"rendered":"https:\/\/trca.ch\/?page_id=2414"},"modified":"2022-09-27T15:45:21","modified_gmt":"2022-09-27T15:45:21","slug":"contact","status":"publish","type":"page","link":"https:\/\/trca.ch\/fr\/contact\/","title":{"rendered":"CONTACT"},"content":{"rendered":"<div class=\"fusion-fullwidth fullwidth-box fusion-builder-row-1 fusion-flex-container hundred-percent-fullwidth non-hundred-percent-height-scrolling\" style=\"--awb-background-position:left top;--awb-border-sizes-top:0px;--awb-border-sizes-bottom:0px;--awb-border-sizes-left:0px;--awb-border-sizes-right:0px;--awb-border-radius-top-left:0px;--awb-border-radius-top-right:0px;--awb-border-radius-bottom-right:0px;--awb-border-radius-bottom-left:0px;--awb-padding-top:0px;--awb-padding-right:0px;--awb-padding-bottom:0px;--awb-padding-left:0px;--awb-flex-wrap:wrap;\" ><div class=\"fusion-builder-row fusion-row fusion-flex-align-items-stretch fusion-flex-content-wrap\" style=\"width:calc( 100% + 0px ) !important;max-width:calc( 100% + 0px ) !important;margin-left: calc(-0px \/ 2 );margin-right: calc(-0px \/ 2 );\"><div class=\"fusion-layout-column fusion_builder_column fusion-builder-column-0 fusion_builder_column_2_3 2_3 fusion-flex-column fusion-flex-align-self-flex-start\" style=\"--awb-padding-top:91px;--awb-padding-right:10%;--awb-padding-left:10%;--awb-bg-color:#f5f5f5;--awb-bg-color-hover:#f5f5f5;--awb-bg-position:center bottom;--awb-bg-size:cover;--awb-width-large:66.666666666667%;--awb-margin-top-large:0px;--awb-spacing-right-large:0px;--awb-margin-bottom-large:0px;--awb-spacing-left-large:0px;--awb-width-medium:60%;--awb-order-medium:0;--awb-spacing-right-medium:0px;--awb-spacing-left-medium:0px;--awb-width-small:100%;--awb-order-small:0;--awb-spacing-right-small:0px;--awb-spacing-left-small:0px;\"><div class=\"fusion-column-wrapper fusion-column-has-shadow fusion-flex-justify-content-center fusion-content-layout-column\"><div class=\"fusion-text fusion-text-1\"><h3><strong>Contact<\/strong><\/h3>\n<\/div><div class=\"fusion-separator\" style=\"align-self: flex-start;margin-right:auto;margin-top:0px;margin-bottom:40px;width:100%;max-width:170px;\"><div class=\"fusion-separator-border sep-single sep-solid\" style=\"--awb-height:20px;--awb-amount:20px;--awb-sep-color:#b9afa1;border-color:#b9afa1;border-top-width:1px;\"><\/div><\/div><div class=\"fusion-text fusion-text-2\"><p>La TRCA s&rsquo;engage \u00e0 d\u00e9fendre les int\u00e9r\u00eats des centres de tennis et de sports de raquette. Nous sommes \u00e0 votre disposition pour r\u00e9pondre \u00e0 vos questions.<br \/>\nN&rsquo;h\u00e9sitez pas \u00e0 nous contacter !<\/p>\n<\/div><div class=\"fusion-separator fusion-full-width-sep\" style=\"align-self: center;margin-left: auto;margin-right: auto;margin-top:30px;width:100%;\"><\/div><div class=\"fusion-form fusion-form-builder fusion-form-form-wrapper fusion-form-2419\" style=\"--awb-tooltip-text-color:#ffffff;--awb-tooltip-background-color:#333333;\" data-form-id=\"2419\" data-config=\"{&quot;form_id&quot;:2419,&quot;form_post_id&quot;:2419,&quot;post_id&quot;:2414,&quot;form_type&quot;:&quot;ajax&quot;,&quot;confirmation_type&quot;:&quot;message&quot;,&quot;redirect_url&quot;:&quot;&quot;,&quot;field_labels&quot;:{&quot;Pr\\u00e9nom&quot;:&quot;&quot;,&quot;Nom de famille&quot;:&quot;&quot;,&quot;Email&quot;:&quot;&quot;,&quot;T\\u00e9l\\u00e9phone&quot;:&quot;&quot;,&quot;Etes-vous_membre_de_la_TRCA ?&quot;:&quot;Etes-vous membre de la TRCA ?&quot;,&quot;Votre_question_demande&quot;:&quot;&quot;},&quot;field_logics&quot;:{&quot;Pr\\u00e9nom&quot;:&quot;&quot;,&quot;Nom de famille&quot;:&quot;&quot;,&quot;Email&quot;:&quot;&quot;,&quot;T\\u00e9l\\u00e9phone&quot;:&quot;&quot;,&quot;Etes-vous_membre_de_la_TRCA ?&quot;:&quot;&quot;,&quot;Votre_question_demande&quot;:&quot;&quot;,&quot;notice_1&quot;:&quot;&quot;},&quot;field_types&quot;:{&quot;Pr\\u00e9nom&quot;:&quot;text&quot;,&quot;Nom de famille&quot;:&quot;text&quot;,&quot;Email&quot;:&quot;email&quot;,&quot;T\\u00e9l\\u00e9phone&quot;:&quot;phone_number&quot;,&quot;Etes-vous_membre_de_la_TRCA ?&quot;:&quot;radio&quot;,&quot;Votre_question_demande&quot;:&quot;textarea&quot;,&quot;submit_1&quot;:&quot;submit&quot;,&quot;notice_1&quot;:&quot;notice&quot;},&quot;nonce_method&quot;:&quot;ajax&quot;}\"><form action=\"https:\/\/trca.ch\/fr\/contact\/\" method=\"post\" class=\"fusion-form fusion-form-2419\"><div class=\"fusion-fullwidth fullwidth-box fusion-builder-row-1-1 fusion-flex-container nonhundred-percent-fullwidth non-hundred-percent-height-scrolling\" style=\"--awb-border-radius-top-left:0px;--awb-border-radius-top-right:0px;--awb-border-radius-bottom-right:0px;--awb-border-radius-bottom-left:0px;--awb-padding-right:0px;--awb-padding-bottom:80px;--awb-padding-left:0px;--awb-margin-bottom:0px;--awb-flex-wrap:wrap;\" ><div class=\"fusion-builder-row fusion-row fusion-flex-align-items-flex-start fusion-flex-content-wrap\" style=\"width:calc( 100% + ) !important;max-width:calc( 100% + ) !important;margin-left: calc(- \/ 2 );margin-right: calc(- \/ 2 );\"><div class=\"fusion-layout-column fusion_builder_column fusion-builder-column-1 fusion_builder_column_1_2 1_2 fusion-flex-column\" style=\"--awb-padding-right:5px;--awb-padding-left:5px;--awb-bg-size:cover;--awb-width-large:50%;--awb-margin-top-large:0px;--awb-margin-bottom-large:0px;--awb-width-medium:50%;--awb-order-medium:0;--awb-width-small:100%;--awb-order-small:0;\"><div class=\"fusion-column-wrapper fusion-column-has-shadow fusion-flex-justify-content-flex-start fusion-content-layout-column\"><div class=\"fusion-form-field fusion-form-text-field fusion-form-label-above\" style=\"\" data-form-id=\"2419\"><input type=\"text\" name=\"Pr\u00e9nom\" id=\"Pr\u00e9nom\" value=\"\"  class=\"fusion-form-input\" required=\"true\" aria-required=\"true\" placeholder=\"Pr\u00e9nom*\" data-holds-private-data=\"false\" minlength=\"0\"\/><\/div><div class=\"fusion-form-field fusion-form-text-field fusion-form-label-above\" style=\"\" data-form-id=\"2419\"><input type=\"text\" name=\"Nom de famille\" id=\"Nom de famille\" value=\"\"  class=\"fusion-form-input\" required=\"true\" aria-required=\"true\" placeholder=\"Nom de famille*\" data-holds-private-data=\"false\" minlength=\"0\"\/><\/div><\/div><\/div><div class=\"fusion-layout-column fusion_builder_column fusion-builder-column-2 fusion_builder_column_1_2 1_2 fusion-flex-column\" style=\"--awb-padding-right:5px;--awb-padding-left:5px;--awb-bg-size:cover;--awb-width-large:50%;--awb-margin-top-large:0px;--awb-margin-bottom-large:0px;--awb-width-medium:50%;--awb-order-medium:0;--awb-width-small:100%;--awb-order-small:0;\"><div class=\"fusion-column-wrapper fusion-column-has-shadow fusion-flex-justify-content-flex-start fusion-content-layout-column\"><div class=\"fusion-form-field fusion-form-email-field fusion-form-label-above\" style=\"\" data-form-id=\"2419\"><div class=\"fusion-form-input-with-icon\"><i class=\"awb-form-icon fa-at fas\"><\/i><input type=\"email\" name=\"Email\" id=\"Email\" value=\"\"  class=\"fusion-form-input\" required=\"true\" aria-required=\"true\" placeholder=\"Email*\" data-holds-private-data=\"false\"\/><\/div><\/div><div class=\"fusion-form-field fusion-form-phone-number-field fusion-form-label-above\" style=\"\" data-form-id=\"2419\"><div class=\"fusion-form-input-with-icon\"><i class=\"awb-form-icon fa-phone-alt fas\"><\/i><input type=\"tel\" name=\"T\u00e9l\u00e9phone\" id=\"T\u00e9l\u00e9phone\" value=\"\"  class=\"fusion-form-input\" placeholder=\"T\u00e9l\u00e9phone\" data-holds-private-data=\"false\"\/><\/div><\/div><\/div><\/div><div class=\"fusion-layout-column fusion_builder_column fusion-builder-column-3 fusion_builder_column_1_1 1_1 fusion-flex-column\" style=\"--awb-padding-right:2%;--awb-padding-left:2%;--awb-overflow:hidden;--awb-bg-color:#ffffff;--awb-bg-color-hover:#ffffff;--awb-bg-size:cover;--awb-box-shadow: 0px 0px ;;--awb-border-radius:10px 10px 10px 10px;--awb-width-large:100%;--awb-margin-top-large:0px;--awb-margin-bottom-large:0px;--awb-width-medium:100%;--awb-order-medium:0;--awb-width-small:100%;--awb-order-small:0;\"><div class=\"fusion-column-wrapper fusion-column-has-shadow fusion-flex-justify-content-flex-start fusion-content-layout-column\"><div class=\"fusion-form-field fusion-form-radio-field fusion-form-label-above\" style=\"\" data-form-id=\"2419\"><div class=\"fusion-form-label-wrapper\"><span class=\"label\">Etes-vous membre de la TRCA ? <abbr class=\"fusion-form-element-required\" title=\"required\">*<\/abbr><\/span><\/div><fieldset><div class=\"fusion-form-radio option-inline\"><input tabindex=\"\" id=\"radio-etes-vous_membre_de_la_trca-?-1-0\" type=\"radio\" value=\"OUI\" name=\"Etes-vous_membre_de_la_TRCA ?\" class=\"fusion-form-input\" required=\"true\" aria-required=\"true\" data-holds-private-data=\"false\"\/><label for=\"radio-etes-vous_membre_de_la_trca-?-1-0\">OUI<\/label><\/div><div class=\"fusion-form-radio option-inline\"><input tabindex=\"\" id=\"radio-etes-vous_membre_de_la_trca-?-1-1\" type=\"radio\" value=\"NON\" name=\"Etes-vous_membre_de_la_TRCA ?\" class=\"fusion-form-input\" required=\"true\" aria-required=\"true\" data-holds-private-data=\"false\"\/><label for=\"radio-etes-vous_membre_de_la_trca-?-1-1\">NON<\/label><\/div><\/fieldset><\/div><div class=\"fusion-form-field fusion-form-textarea-field fusion-form-label-above\" style=\"\" data-form-id=\"2419\"><textarea cols=\"40\"  minlength=\"0\"  rows=\"4\" tabindex=\"\" id=\"Votre_question_demande\" name=\"Votre_question_demande\" class=\"fusion-form-input\" placeholder=\"Votre question \/ demande\" data-holds-private-data=\"false\"><\/textarea><\/div><div class=\"fusion-form-field fusion-form-submit-field fusion-form-label-above\" style=\"\" data-form-id=\"2419\"><div style=\"text-align:center;\"><button type=\"submit\" class=\"fusion-button button-flat fusion-button-default-size button-default fusion-button-default button-1 fusion-button-default-span  form-form-submit button-default\" data-form-number=\"2419\" tabindex=\"\"><i class=\"fa-paper-plane fas button-icon-left\" aria-hidden=\"true\"><\/i><span class=\"fusion-button-text\">Envoyer<\/span><\/button><\/div><\/div><div class=\"form-submission-notices data-notice_1\" id=\"fusion-notices-1\"><div class=\"fusion-alert alert success alert-success fusion-alert-center fusion-form-response fusion-form-response-success awb-alert-native-link-color alert-dismissable awb-alert-close-boxed\" role=\"alert\"><div class=\"fusion-alert-content-wrapper\"><span class=\"alert-icon\"><i class=\"awb-icon-check-circle\" aria-hidden=\"true\"><\/i><\/span><span class=\"fusion-alert-content\">Nous vous remercions pour votre message. Il a \u00e9t\u00e9 envoy\u00e9.<\/span><\/div><button type=\"button\" class=\"close toggle-alert\" data-dismiss=\"alert\" aria-label=\"Close\">&times;<\/button><\/div><div class=\"fusion-alert alert error alert-danger fusion-alert-center fusion-form-response fusion-form-response-error awb-alert-native-link-color alert-dismissable awb-alert-close-boxed\" role=\"alert\"><div class=\"fusion-alert-content-wrapper\"><span class=\"alert-icon\"><i class=\"awb-icon-exclamation-triangle\" aria-hidden=\"true\"><\/i><\/span><span class=\"fusion-alert-content\">Une erreur s'est produite lors de l'envoi de votre message. Veuillez r\u00e9essayer plus tard.<\/span><\/div><button type=\"button\" class=\"close toggle-alert\" data-dismiss=\"alert\" aria-label=\"Close\">&times;<\/button><\/div><\/div><\/div><\/div><\/div><\/div><\/form><\/div><\/div><\/div><div class=\"fusion-layout-column fusion_builder_column fusion-builder-column-4 fusion_builder_column_1_3 1_3 fusion-flex-column\" style=\"--awb-padding-right:15%;--awb-padding-bottom:90px;--awb-padding-left:8%;--awb-bg-size:cover;--awb-width-large:33.333333333333%;--awb-margin-top-large:0px;--awb-spacing-right-large:0px;--awb-margin-bottom-large:0px;--awb-spacing-left-large:0px;--awb-width-medium:40%;--awb-spacing-right-medium:0px;--awb-spacing-left-medium:0px;--awb-width-small:100%;--awb-spacing-right-small:0px;--awb-spacing-left-small:0px;\"><div class=\"fusion-column-wrapper fusion-flex-justify-content-center fusion-content-layout-column\"><div class=\"fusion-text fusion-text-3\"><h4 style=\"text-align: center;\">Contact<\/h4>\n<\/div><div class=\"fusion-image-element \" style=\"--awb-caption-title-font-family:var(--h2_typography-font-family);--awb-caption-title-font-weight:var(--h2_typography-font-weight);--awb-caption-title-font-style:var(--h2_typography-font-style);--awb-caption-title-size:var(--h2_typography-font-size);--awb-caption-title-transform:var(--h2_typography-text-transform);--awb-caption-title-line-height:var(--h2_typography-line-height);--awb-caption-title-letter-spacing:var(--h2_typography-letter-spacing);\"><span class=\" fusion-imageframe imageframe-none imageframe-1 hover-type-none\"><img decoding=\"async\" width=\"1600\" height=\"1067\" title=\"TRCA-Padel-Tennis\" src=\"https:\/\/trca.ch\/wp-content\/uploads\/2021\/08\/TRCA-Padel-Tennis.jpg\" alt class=\"img-responsive wp-image-2254\" srcset=\"https:\/\/trca.ch\/wp-content\/uploads\/2021\/08\/TRCA-Padel-Tennis-200x133.jpg 200w, https:\/\/trca.ch\/wp-content\/uploads\/2021\/08\/TRCA-Padel-Tennis-400x267.jpg 400w, https:\/\/trca.ch\/wp-content\/uploads\/2021\/08\/TRCA-Padel-Tennis-600x400.jpg 600w, https:\/\/trca.ch\/wp-content\/uploads\/2021\/08\/TRCA-Padel-Tennis-800x534.jpg 800w, https:\/\/trca.ch\/wp-content\/uploads\/2021\/08\/TRCA-Padel-Tennis-1200x800.jpg 1200w, https:\/\/trca.ch\/wp-content\/uploads\/2021\/08\/TRCA-Padel-Tennis.jpg 1600w\" sizes=\"(max-width: 640px) 100vw, 400px\" \/><\/span><\/div><div class=\"fusion-text fusion-text-4\"><h3 style=\"text-align: center;\">TRCA<\/h3>\n<\/div><div class=\"fusion-text fusion-text-5\"><p style=\"text-align: center;\"><strong>tennis &amp; racketsport center association<\/strong><br \/>\nElfenstrasse 19<br \/>\n3000 Bern<br \/>\nSuisse<\/p>\n<\/div><div class=\"fusion-text fusion-text-6\"><p style=\"text-align: center;\"><a href=\"mailto:info@trca.ch\" target=\"_blank\" rel=\"noopener\">info@trca.ch<\/a><br \/>\n+41 31 356 57 72<\/p>\n<\/div><div class=\"fusion-separator\" style=\"align-self: center;margin-left: auto;margin-right: auto;margin-top:0px;margin-bottom:40px;width:100%;max-width:170px;\"><div class=\"fusion-separator-border sep-single sep-solid\" style=\"--awb-height:20px;--awb-amount:20px;--awb-sep-color:#b9afa1;border-color:#b9afa1;border-top-width:1px;\"><\/div><\/div><\/div><\/div><\/div><\/div>\n","protected":false},"excerpt":{"rendered":"","protected":false},"author":1,"featured_media":0,"parent":0,"menu_order":0,"comment_status":"closed","ping_status":"closed","template":"100-width.php","meta":{"footnotes":""},"class_list":["post-2414","page","type-page","status-publish","hentry"],"_links":{"self":[{"href":"https:\/\/trca.ch\/fr\/wp-json\/wp\/v2\/pages\/2414","targetHints":{"allow":["GET"]}}],"collection":[{"href":"https:\/\/trca.ch\/fr\/wp-json\/wp\/v2\/pages"}],"about":[{"href":"https:\/\/trca.ch\/fr\/wp-json\/wp\/v2\/types\/page"}],"author":[{"embeddable":true,"href":"https:\/\/trca.ch\/fr\/wp-json\/wp\/v2\/users\/1"}],"replies":[{"embeddable":true,"href":"https:\/\/trca.ch\/fr\/wp-json\/wp\/v2\/comments?post=2414"}],"version-history":[{"count":4,"href":"https:\/\/trca.ch\/fr\/wp-json\/wp\/v2\/pages\/2414\/revisions"}],"predecessor-version":[{"id":2418,"href":"https:\/\/trca.ch\/fr\/wp-json\/wp\/v2\/pages\/2414\/revisions\/2418"}],"wp:attachment":[{"href":"https:\/\/trca.ch\/fr\/wp-json\/wp\/v2\/media?parent=2414"}],"curies":[{"name":"wp","href":"https:\/\/api.w.org\/{rel}","templated":true}]}}