{"id":2376,"date":"2022-09-26T17:45:29","date_gmt":"2022-09-26T17:45:29","guid":{"rendered":"https:\/\/trca.ch\/?page_id=2376"},"modified":"2024-11-26T15:02:08","modified_gmt":"2024-11-26T15:02:08","slug":"trca-association","status":"publish","type":"page","link":"https:\/\/trca.ch\/fr\/trca-association\/","title":{"rendered":"ASSOCIATION TRCA"},"content":{"rendered":"<p><div class=\"fusion-fullwidth fullwidth-box fusion-builder-row-1 fusion-flex-container hundred-percent-fullwidth non-hundred-percent-height-scrolling\" style=\"--awb-background-position:left top;--awb-border-sizes-top:0px;--awb-border-sizes-bottom:0px;--awb-border-sizes-left:0px;--awb-border-sizes-right:0px;--awb-border-radius-top-left:0px;--awb-border-radius-top-right:0px;--awb-border-radius-bottom-right:0px;--awb-border-radius-bottom-left:0px;--awb-padding-right:0px;--awb-padding-left:0px;--awb-flex-wrap:wrap;\" ><div class=\"fusion-builder-row fusion-row fusion-flex-align-items-stretch fusion-flex-align-content-space-evenly fusion-flex-justify-content-space-between fusion-flex-content-wrap\" style=\"width:calc( 100% + 0px ) !important;max-width:calc( 100% + 0px ) !important;margin-left: calc(-0px \/ 2 );margin-right: calc(-0px \/ 2 );\"><div class=\"fusion-layout-column fusion_builder_column fusion-builder-column-0 fusion_builder_column_1_2 1_2 fusion-flex-column fusion-flex-align-self-stretch fusion-animated\" style=\"--awb-padding-top:15%;--awb-padding-right:7%;--awb-padding-bottom:15%;--awb-padding-left:7%;--awb-bg-color:#0085da;--awb-bg-color-hover:#0085da;--awb-bg-image:url(&#039;https:\/\/trca.ch\/wp-content\/uploads\/2021\/08\/TRCA-Loesungen.jpg&#039;);--awb-bg-size:cover;--awb-width-large:50%;--awb-margin-top-large:0px;--awb-spacing-right-large:0px;--awb-margin-bottom-large:0px;--awb-spacing-left-large:0px;--awb-width-medium:50%;--awb-order-medium:0;--awb-spacing-right-medium:0px;--awb-spacing-left-medium:0px;--awb-width-small:100%;--awb-order-small:0;--awb-spacing-right-small:0px;--awb-spacing-left-small:0px;\" data-animationType=\"slideInLeft\" data-animationDuration=\"1.0\" data-animationOffset=\"top-into-view\"><div class=\"fusion-column-wrapper fusion-column-has-shadow fusion-flex-justify-content-space-between fusion-content-layout-column fusion-empty-column-bg-image fusion-column-has-bg-image\" data-bg-url=\"https:\/\/trca.ch\/wp-content\/uploads\/2021\/08\/TRCA-Loesungen.jpg\"><img decoding=\"async\" class=\"fusion-empty-dims-img-placeholder fusion-no-large-visibility fusion-no-medium-visibility\" src=\"data:image\/svg+xml,%3Csvg%20xmlns%3D%27http%3A%2F%2Fwww.w3.org%2F2000%2Fsvg%27%20width%3D%271297%27%20height%3D%27720%27%20viewBox%3D%270%200%201297%20720%27%3E%3Crect%20width%3D%271297%27%20height%3D%27720%27%20fill-opacity%3D%220%22%2F%3E%3C%2Fsvg%3E\"><\/div><\/div><div class=\"fusion-layout-column fusion_builder_column fusion-builder-column-1 fusion_builder_column_1_4 1_4 fusion-flex-column fusion-animated\" style=\"--awb-padding-top:15%;--awb-padding-right:7%;--awb-padding-bottom:15%;--awb-padding-left:7%;--awb-bg-color:#ffffff;--awb-bg-color-hover:#ffffff;--awb-bg-size:cover;--awb-width-large:25%;--awb-margin-top-large:0px;--awb-spacing-right-large:0px;--awb-margin-bottom-large:0px;--awb-spacing-left-large:0px;--awb-width-medium:25%;--awb-order-medium:0;--awb-spacing-right-medium:0px;--awb-spacing-left-medium:0px;--awb-width-small:100%;--awb-order-small:0;--awb-spacing-right-small:0px;--awb-spacing-left-small:0px;\" data-animationType=\"slideInUp\" data-animationDuration=\"1.0\" data-animationOffset=\"top-into-view\"><div class=\"fusion-column-wrapper fusion-column-has-shadow fusion-flex-justify-content-space-between fusion-content-layout-column\"><div class=\"fusion-text fusion-text-1\"><h3><strong>Ensemble, nous sommes imbattables<\/strong><\/h3>\n<p>L&rsquo;objectif de la TRCA est de promouvoir et de d\u00e9fendre les int\u00e9r\u00eats sportifs et \u00e9conomiques de ses membres. La repr\u00e9sentation des int\u00e9r\u00eats se fait en particulier aupr\u00e8s et en collaboration avec les plus hautes associations professionnelles et institutions suisses de l&rsquo;\u00e9conomie et du sport.<\/p>\n<p>De plus en plus de responsables de salles de sport font confiance \u00e0 la TRCA et profitent de ce nouveau r\u00e9seau.<\/p>\n<\/div><ul style=\"--awb-size:20px;--awb-iconcolor:#0078ff;--awb-line-height:34px;--awb-icon-width:34px;--awb-icon-height:34px;--awb-icon-margin:14px;--awb-content-margin:48px;--awb-circlecolor:rgba(101,188,123,0);--awb-circle-yes-font-size:17.6px;\" class=\"fusion-checklist fusion-checklist-1 fusion-checklist-default type-icons\"><li class=\"fusion-li-item\" style=\"\"><span class=\"icon-wrapper circle-yes\"><i class=\"fusion-li-icon icon-spa-bookmark-solid\" aria-hidden=\"true\"><\/i><\/span><div class=\"fusion-li-item-content\">\n<p>Plus de comp\u00e9tences<\/p>\n<\/div><\/li><li class=\"fusion-li-item\" style=\"\"><span class=\"icon-wrapper circle-yes\"><i class=\"fusion-li-icon icon-spa-bookmark-solid\" aria-hidden=\"true\"><\/i><\/span><div class=\"fusion-li-item-content\">\n<p>Plus de r\u00e9seau<\/p>\n<\/div><\/li><li class=\"fusion-li-item\" style=\"\"><span class=\"icon-wrapper circle-yes\"><i class=\"fusion-li-icon icon-spa-bookmark-solid\" aria-hidden=\"true\"><\/i><\/span><div class=\"fusion-li-item-content\">\n<p>Plus de valeur<\/p>\n<\/div><\/li><\/ul><\/div><\/div><div class=\"fusion-layout-column fusion_builder_column fusion-builder-column-2 fusion_builder_column_1_4 1_4 fusion-flex-column fusion-flex-align-self-stretch fusion-animated\" style=\"--awb-padding-top:15%;--awb-padding-right:7%;--awb-padding-bottom:15%;--awb-padding-left:7%;--awb-bg-color:#0085da;--awb-bg-color-hover:#0085da;--awb-bg-position:center top;--awb-bg-size:cover;--awb-width-large:25%;--awb-margin-top-large:0px;--awb-spacing-right-large:0px;--awb-margin-bottom-large:0px;--awb-spacing-left-large:0px;--awb-width-medium:25%;--awb-order-medium:0;--awb-spacing-right-medium:0px;--awb-spacing-left-medium:0px;--awb-width-small:100%;--awb-order-small:0;--awb-spacing-right-small:0px;--awb-spacing-left-small:0px;\" data-animationType=\"slideInLeft\" data-animationDuration=\"0.5\" data-animationOffset=\"top-into-view\"><div class=\"fusion-column-wrapper fusion-column-has-shadow fusion-flex-justify-content-space-between fusion-content-layout-row\"><div class=\"fusion-separator fusion-full-width-sep\" style=\"align-self: center;margin-left: auto;margin-right: auto;margin-top:30px;width:100%;\"><\/div><div class=\"fusion-text fusion-text-2\"><h3><strong><span style=\"color: #ffffff;\">La coh\u00e9sion sportive est d\u00e9cisive pour le match.<\/span><\/strong><\/h3>\n<\/div><\/div><\/div><\/div><\/div><div class=\"fusion-fullwidth fullwidth-box fusion-builder-row-2 fusion-flex-container hundred-percent-fullwidth non-hundred-percent-height-scrolling\" style=\"--awb-background-position:left top;--awb-border-sizes-top:0px;--awb-border-sizes-bottom:0px;--awb-border-sizes-left:0px;--awb-border-sizes-right:0px;--awb-border-radius-top-left:0px;--awb-border-radius-top-right:0px;--awb-border-radius-bottom-right:0px;--awb-border-radius-bottom-left:0px;--awb-padding-right:0px;--awb-padding-left:0px;--awb-flex-wrap:wrap;\" ><div class=\"fusion-builder-row fusion-row fusion-flex-align-items-stretch fusion-flex-align-content-space-evenly fusion-flex-justify-content-space-between fusion-flex-content-wrap\" style=\"width:calc( 100% + 0px ) !important;max-width:calc( 100% + 0px ) !important;margin-left: calc(-0px \/ 2 );margin-right: calc(-0px \/ 2 );\"><div class=\"fusion-layout-column fusion_builder_column fusion-builder-column-3 fusion_builder_column_1_4 1_4 fusion-flex-column fusion-flex-align-self-stretch fusion-animated\" style=\"--awb-padding-top:15%;--awb-padding-right:7%;--awb-padding-bottom:15%;--awb-padding-left:7%;--awb-bg-color:#0085da;--awb-bg-color-hover:#0085da;--awb-bg-position:center top;--awb-bg-size:cover;--awb-width-large:25%;--awb-margin-top-large:0px;--awb-spacing-right-large:0px;--awb-margin-bottom-large:0px;--awb-spacing-left-large:0px;--awb-width-medium:25%;--awb-order-medium:0;--awb-spacing-right-medium:0px;--awb-spacing-left-medium:0px;--awb-width-small:100%;--awb-order-small:0;--awb-spacing-right-small:0px;--awb-spacing-left-small:0px;\" data-animationType=\"slideInLeft\" data-animationDuration=\"1.0\" data-animationOffset=\"top-into-view\"><div class=\"fusion-column-wrapper fusion-column-has-shadow fusion-flex-justify-content-space-between fusion-content-layout-row\"><div class=\"fusion-separator fusion-full-width-sep\" style=\"align-self: center;margin-left: auto;margin-right: auto;margin-top:30px;width:100%;\"><\/div><\/div><\/div><div class=\"fusion-layout-column fusion_builder_column fusion-builder-column-4 fusion_builder_column_1_4 1_4 fusion-flex-column fusion-animated\" style=\"--awb-padding-top:15%;--awb-padding-right:7%;--awb-padding-bottom:15%;--awb-padding-left:7%;--awb-bg-color:#ffffff;--awb-bg-color-hover:#ffffff;--awb-bg-size:cover;--awb-width-large:25%;--awb-margin-top-large:0px;--awb-spacing-right-large:0px;--awb-margin-bottom-large:0px;--awb-spacing-left-large:0px;--awb-width-medium:25%;--awb-order-medium:0;--awb-spacing-right-medium:0px;--awb-spacing-left-medium:0px;--awb-width-small:100%;--awb-order-small:0;--awb-spacing-right-small:0px;--awb-spacing-left-small:0px;\" data-animationType=\"slideInUp\" data-animationDuration=\"1.6\" data-animationOffset=\"top-into-view\"><div class=\"fusion-column-wrapper fusion-column-has-shadow fusion-flex-justify-content-space-between fusion-content-layout-column\"><div class=\"fusion-text fusion-text-3\"><h3><strong>Avantage TRCA<br \/>\n<\/strong><\/h3>\n<p>La TRCA soutient ses membres en particulier dans les domaines suivants<\/p>\n<ul>\n<li><strong>Infrastructure<\/strong><\/li>\n<li><strong>Conseil juridique<br \/>\n<\/strong><\/li>\n<li><strong>Mise en r\u00e9seau<br \/>\n<\/strong><\/li>\n<li><strong>Marketing<\/strong><\/li>\n<li><strong>Questions de personnel\/succession<br \/>\n<\/strong><\/li>\n<li><strong>Optimisation de l&rsquo;exploitation<br \/>\n<\/strong><\/li>\n<li><strong>D\u00e9fense des int\u00e9r\u00eats<br \/>\n<\/strong><\/li>\n<\/ul>\n<p>Des <strong>lettres d&rsquo;information<\/strong> et des <strong>manifestations<\/strong> r\u00e9guli\u00e8res sont pr\u00e9vues, ainsi que des <strong>conseils personnalis\u00e9s<\/strong>.<\/p>\n<\/div><div class=\"fusion-text fusion-text-4\"><p><a href=\"https:\/\/trca.ch\/wp-content\/uploads\/2021\/08\/Statuten_TRCA.pdf\" target=\"_blank\" rel=\"noopener\"><img decoding=\"async\" class=\"alignnone size-full wp-image-2324\" src=\"https:\/\/trca.ch\/wp-content\/uploads\/2022\/06\/adobe-pdf-icon-1.png\" alt=\"\" width=\"30\" height=\"30\" \/><\/a><a href=\"https:\/\/trca.ch\/wp-content\/uploads\/2024\/10\/Statuts_FR_Stand-21.08.2024.pdf\">Statuts_FR<\/a><\/p>\n<\/div><\/div><\/div><div class=\"fusion-layout-column fusion_builder_column fusion-builder-column-5 fusion_builder_column_1_2 1_2 fusion-flex-column fusion-flex-align-self-stretch fusion-animated\" style=\"--awb-padding-top:15%;--awb-padding-right:7%;--awb-padding-bottom:15%;--awb-padding-left:7%;--awb-bg-color:#6d6061;--awb-bg-color-hover:#6d6061;--awb-bg-size:cover;--awb-width-large:50%;--awb-margin-top-large:0px;--awb-spacing-right-large:0px;--awb-margin-bottom-large:0px;--awb-spacing-left-large:0px;--awb-width-medium:50%;--awb-order-medium:0;--awb-spacing-right-medium:0px;--awb-spacing-left-medium:0px;--awb-width-small:100%;--awb-order-small:0;--awb-spacing-right-small:0px;--awb-spacing-left-small:0px;\" data-animationType=\"slideInLeft\" data-animationDuration=\"1.9\" data-animationOffset=\"top-into-view\"><div class=\"fusion-column-wrapper fusion-column-has-shadow fusion-flex-justify-content-space-between fusion-content-layout-column\"><div class=\"fusion-separator fusion-full-width-sep\" style=\"align-self: center;margin-left: auto;margin-right: auto;margin-top:30px;width:100%;\"><\/div><\/div><\/div><\/div><\/div><\/p>\n","protected":false},"excerpt":{"rendered":"","protected":false},"author":1,"featured_media":0,"parent":0,"menu_order":0,"comment_status":"closed","ping_status":"closed","template":"100-width.php","meta":{"footnotes":""},"class_list":["post-2376","page","type-page","status-publish","hentry"],"_links":{"self":[{"href":"https:\/\/trca.ch\/fr\/wp-json\/wp\/v2\/pages\/2376","targetHints":{"allow":["GET"]}}],"collection":[{"href":"https:\/\/trca.ch\/fr\/wp-json\/wp\/v2\/pages"}],"about":[{"href":"https:\/\/trca.ch\/fr\/wp-json\/wp\/v2\/types\/page"}],"author":[{"embeddable":true,"href":"https:\/\/trca.ch\/fr\/wp-json\/wp\/v2\/users\/1"}],"replies":[{"embeddable":true,"href":"https:\/\/trca.ch\/fr\/wp-json\/wp\/v2\/comments?post=2376"}],"version-history":[{"count":17,"href":"https:\/\/trca.ch\/fr\/wp-json\/wp\/v2\/pages\/2376\/revisions"}],"predecessor-version":[{"id":2737,"href":"https:\/\/trca.ch\/fr\/wp-json\/wp\/v2\/pages\/2376\/revisions\/2737"}],"wp:attachment":[{"href":"https:\/\/trca.ch\/fr\/wp-json\/wp\/v2\/media?parent=2376"}],"curies":[{"name":"wp","href":"https:\/\/api.w.org\/{rel}","templated":true}]}}